{"id":5122,"date":"2025-05-10T13:05:39","date_gmt":"2025-05-10T11:05:39","guid":{"rendered":"https:\/\/lacajalistateatro.com\/nueva\/?page_id=5122"},"modified":"2025-05-10T13:07:10","modified_gmt":"2025-05-10T11:07:10","slug":"lamemoriadelpsiquiatrico","status":"publish","type":"page","link":"https:\/\/lacajalistateatro.com\/nueva\/espectaculos\/lamemoriadelpsiquiatrico\/","title":{"rendered":"La Memoria del Psiqui\u00e1trico"},"content":{"rendered":"\n<div class=\"wp-block-group is-layout-flow wp-block-group-is-layout-flow\">\n<div class=\"section-wrapper\" data-id=\"rJPV91\"><section class=\"wp-block-gutenverse-section guten-element guten-section guten-rJPV91 layout-fullwidth align-stretch\"><div class=\"guten-container guten-column-gap-default\">\n<div class=\"wp-block-gutenverse-column guten-element guten-column guten-iEhJIc\"><div class=\"guten-column-wrapper\" data-id=\"iEhJIc\">\n<figure class=\"wp-block-image size-full\"><img loading=\"lazy\" decoding=\"async\" width=\"629\" height=\"886\" src=\"https:\/\/lacajalistateatro.com\/nueva\/wp-content\/uploads\/2025\/05\/Cartel-Psiquiatrico_baja.jpg\" alt=\"\" class=\"wp-image-5124\" srcset=\"https:\/\/lacajalistateatro.com\/nueva\/wp-content\/uploads\/2025\/05\/Cartel-Psiquiatrico_baja.jpg 629w, https:\/\/lacajalistateatro.com\/nueva\/wp-content\/uploads\/2025\/05\/Cartel-Psiquiatrico_baja-213x300.jpg 213w\" sizes=\"auto, (max-width: 629px) 100vw, 629px\" \/><\/figure>\n<\/div><\/div>\n\n\n\n<div class=\"wp-block-gutenverse-column guten-element guten-column guten-w1Xmou\"><div class=\"guten-column-wrapper\" data-id=\"w1Xmou\">\n<p>El Duque de Sotogrande os ha mandado una carta contratando vuestros servicios como&nbsp;investigadores privados. En ella se explica el caso:<\/p>\n\n\n\n<p>Su hermano Gonzalo ha desaparecido en extra\u00f1as circunstancias. Fue ingresado hace tiempo en hospital psiqui\u00e1trico por una tonter\u00eda. Todo iba bien hasta que un d\u00eda le notificaron mediante una carta la muerte de Gonzalo, y le adjuntaron un tarro con sus cenizas.<\/p>\n\n\n\n<p>El Duque sospecha de la veracidad de la carta, y&nbsp;solicita que ingres\u00e9is&nbsp;en el psiqui\u00e1trico para esclarecer lo ocurrido. Para ello os otorgar\u00e1 unas&nbsp;pulseras con una enfermedad mental&nbsp;que deb\u00e9is recrear para pasar desapercibidos.<\/p>\n\n\n\n<p>Vuestra misi\u00f3n:&nbsp;Encontrar al culpable&nbsp;de la desaparici\u00f3n de Gonzalo y&nbsp;conseguir pruebas&nbsp;que lo incriminen.<\/p>\n\n\n\n<p>__________________<\/p>\n\n\n\n<p>Esta es la premisa de este&nbsp;espect\u00e1culo interactivo&nbsp;en el que el p\u00fablico presenciar\u00e1 una serie de escenas teatrales de unos tres o cuatro minutos cada una, y entre las cuales podr\u00e1&nbsp;abordar el escenario&nbsp;para hacer preguntas a los personajes (los actores) sobre el caso.<\/p>\n\n\n\n<p>Pero tranquilos, que si os asusta tener el protagonismo bajo la atenta mirada del resto de espectadores, en nuestro espect\u00e1culo est\u00e1is a salvo;&nbsp;cada uno se implica e interact\u00faa hasta donde quiera&nbsp;;).<\/p>\n\n\n\n<p><strong>Este no es un espect\u00e1culo de miedo<\/strong>. Es una historia de misterio en la los espectadores formar\u00e1n parte, pero sin sustos de ning\u00fan tipo. De hecho, es<strong>&nbsp;la historia m\u00e1s tierna y con los personajes m\u00e1s entra\u00f1ables<\/strong>&nbsp;de La Caja Lista. \u00a1Con\u00f3celos y compru\u00e9balo!<\/p>\n<\/div><\/div>\n\n\n\n<div class=\"wp-block-gutenverse-column guten-element guten-column guten-1tO0VH\"><div class=\"guten-column-wrapper\" data-id=\"1tO0VH\">\n<div class=\"section-wrapper\" data-id=\"1CfQnb\"><section class=\"wp-block-gutenverse-section guten-element guten-section guten-1CfQnb layout-boxed align-stretch\"><div class=\"guten-container guten-column-gap-default\">\n<div class=\"wp-block-gutenverse-column guten-element guten-column guten-zoorT4\"><div class=\"guten-column-wrapper\" data-id=\"zoorT4\">\n<p><strong>CARACTER\u00cdSTICAS<\/strong><\/p>\n<\/div><\/div>\n<\/div><\/section><\/div>\n\n\n\n<div class=\"section-wrapper\" data-id=\"RQfyms\"><section class=\"wp-block-gutenverse-section guten-element guten-section guten-RQfyms layout-boxed align-stretch\"><div class=\"guten-container guten-column-gap-default\">\n<div class=\"wp-block-gutenverse-column guten-element guten-column guten-q8jMPd\"><div class=\"guten-column-wrapper\" data-id=\"q8jMPd\">\n<p><strong>Duraci\u00f3n<\/strong>: 105 minutos<br><strong>Aforo m\u00e1ximo<\/strong>: 45 pax<br><strong>Ubicaci\u00f3n<\/strong>: Teatro principal La Caja Lista<br><strong>Autor<\/strong>: Javi Posadas<\/p>\n<\/div><\/div>\n<\/div><\/section><\/div>\n\n\n\n<div class=\"section-wrapper\" data-id=\"1K6dbE\"><section class=\"wp-block-gutenverse-section guten-element guten-section guten-1K6dbE layout-boxed align-stretch\"><div class=\"guten-container guten-column-gap-default\">\n<div class=\"wp-block-gutenverse-column guten-element guten-column guten-zikPCv\"><div class=\"guten-column-wrapper\" data-id=\"zikPCv\">\n<p><strong>ESPECIFICACIONES<\/strong><\/p>\n<\/div><\/div>\n<\/div><\/section><\/div>\n\n\n\n<div class=\"section-wrapper\" data-id=\"NscGXT\"><section class=\"wp-block-gutenverse-section guten-element guten-section guten-NscGXT layout-boxed align-stretch\"><div class=\"guten-container guten-column-gap-default\">\n<div class=\"wp-block-gutenverse-column guten-element guten-column guten-OSajOo\"><div class=\"guten-column-wrapper\" data-id=\"OSajOo\">\n<p><strong>Interacci\u00f3n<\/strong>: \u2605\u2605\u2605\u2605\u2605<br><strong>Inmersi\u00f3n<\/strong>: \u2605\u2605\u2605\u2605<br><strong>Dificultad<\/strong>: \u2605\u2605\u2605\u2605<br><strong>Historia<\/strong>: \u2605\u2605\u2605\u2605\u2605 <\/p>\n<\/div><\/div>\n<\/div><\/section><\/div>\n<\/div><\/div>\n<\/div><\/section><\/div>\n\n\n\n<div style=\"height:50px\" aria-hidden=\"true\" class=\"wp-block-spacer\"><\/div>\n\n\n\n<iframe src=\"https:\/\/www.dinaticket.com\/es\/provider\/16074\/event\/4827459?widget\" width=\"100%\" style=\"min-height: 600px; border: 0; outline: 0;\"><\/iframe>\n<\/div>\n\n\n\n<p><\/p>\n","protected":false},"excerpt":{"rendered":"","protected":false},"author":1,"featured_media":0,"parent":4885,"menu_order":0,"comment_status":"closed","ping_status":"closed","template":"","meta":{"footnotes":""},"class_list":["post-5122","page","type-page","status-publish","hentry"],"_links":{"self":[{"href":"https:\/\/lacajalistateatro.com\/nueva\/wp-json\/wp\/v2\/pages\/5122","targetHints":{"allow":["GET"]}}],"collection":[{"href":"https:\/\/lacajalistateatro.com\/nueva\/wp-json\/wp\/v2\/pages"}],"about":[{"href":"https:\/\/lacajalistateatro.com\/nueva\/wp-json\/wp\/v2\/types\/page"}],"author":[{"embeddable":true,"href":"https:\/\/lacajalistateatro.com\/nueva\/wp-json\/wp\/v2\/users\/1"}],"replies":[{"embeddable":true,"href":"https:\/\/lacajalistateatro.com\/nueva\/wp-json\/wp\/v2\/comments?post=5122"}],"version-history":[{"count":1,"href":"https:\/\/lacajalistateatro.com\/nueva\/wp-json\/wp\/v2\/pages\/5122\/revisions"}],"predecessor-version":[{"id":5125,"href":"https:\/\/lacajalistateatro.com\/nueva\/wp-json\/wp\/v2\/pages\/5122\/revisions\/5125"}],"up":[{"embeddable":true,"href":"https:\/\/lacajalistateatro.com\/nueva\/wp-json\/wp\/v2\/pages\/4885"}],"wp:attachment":[{"href":"https:\/\/lacajalistateatro.com\/nueva\/wp-json\/wp\/v2\/media?parent=5122"}],"curies":[{"name":"wp","href":"https:\/\/api.w.org\/{rel}","templated":true}]}}