{"id":4995,"date":"2024-04-29T19:55:54","date_gmt":"2024-04-29T17:55:54","guid":{"rendered":"https:\/\/lacajalistateatro.com\/nueva\/?page_id=4995"},"modified":"2024-04-29T19:57:09","modified_gmt":"2024-04-29T17:57:09","slug":"preguntas-frecuentes","status":"publish","type":"page","link":"https:\/\/lacajalistateatro.com\/nueva\/preguntas-frecuentes\/","title":{"rendered":"Preguntas frecuentes"},"content":{"rendered":"\n<div class=\"wp-block-group is-layout-flow wp-container-core-group-is-layout-a77db08e wp-block-group-is-layout-flow\">\n<p style=\"margin-top:0px;margin-right:0px;margin-bottom:60px;margin-left:0px\">Como sabemos que esto del teatro interactivo puede generar muchas dudas, a continuaci\u00f3n ver\u00e1s una serie de preguntas frecuentes que pueden surgir a la hora de reservar una entrada. \u00c9chales un vistazo, y si a\u00fan as\u00ed tu duda persiste, ponte en contacto con nosotros.<\/p>\n<\/div>\n\n\n\n<div class=\"section-wrapper\" data-id=\"vPqwUV\"><section class=\"wp-block-gutenverse-section guten-element guten-section guten-vPqwUV layout-boxed align-stretch\"><div class=\"guten-background-overlay\"><\/div><div class=\"guten-shape-divider guten-shape-divider-top\"><\/div><div class=\"guten-shape-divider guten-shape-divider-bottom\"><\/div><div class=\"guten-container guten-column-gap-default\">\n<div class=\"wp-block-gutenverse-column guten-element guten-column guten-ddIXG6\"><div class=\"guten-background-overlay\"><\/div><div class=\"sticky-wrapper\" data-id=\"ddIXG6\"><div class=\"guten-column-wrapper\">\n<div class=\"wp-block-gutenverse-icon guten-element guten-UJPZPW guten-icon\"><span class=\"guten-icon-wrapper rounded stacked\"><i class=\"fas fa-question-circle\"><\/i><\/span><\/div>\n<\/div><\/div><\/div>\n\n\n\n<div class=\"wp-block-gutenverse-column guten-element guten-column guten-QR4GTh\"><div class=\"guten-background-overlay\"><\/div><div class=\"sticky-wrapper\" data-id=\"QR4GTh\"><div class=\"guten-column-wrapper\">\n<h3 class=\"wp-block-heading\">\u00bfEn qu\u00e9 consiste el teatro interactivo?<\/h3>\n\n\n\n<p>En nuestros espect\u00e1culos de teatro interactivo los espectadores cobran un papel activo en la obra y forman parte de la misma, ya sea hablando con los personajes, tomando decisiones o resolviendo alg\u00fan acertijo sencillo.<\/p>\n<\/div><\/div><\/div>\n<\/div><\/section><\/div>\n\n\n\n<div class=\"section-wrapper\" data-id=\"IRVCrQ\"><section class=\"wp-block-gutenverse-section guten-element guten-section guten-IRVCrQ layout-boxed align-stretch\"><div class=\"guten-background-overlay\"><\/div><div class=\"guten-shape-divider guten-shape-divider-top\"><\/div><div class=\"guten-shape-divider guten-shape-divider-bottom\"><\/div><div class=\"guten-container guten-column-gap-default\">\n<div class=\"wp-block-gutenverse-column guten-element guten-column guten-keQNkl\"><div class=\"guten-background-overlay\"><\/div><div class=\"sticky-wrapper\" data-id=\"keQNkl\"><div class=\"guten-column-wrapper\">\n<div class=\"wp-block-gutenverse-icon guten-element guten-PB72Mm guten-icon\"><span class=\"guten-icon-wrapper rounded stacked\"><i class=\"fas fa-question-circle\"><\/i><\/span><\/div>\n<\/div><\/div><\/div>\n\n\n\n<div class=\"wp-block-gutenverse-column guten-element guten-column guten-w5geMe\"><div class=\"guten-background-overlay\"><\/div><div class=\"sticky-wrapper\" data-id=\"w5geMe\"><div class=\"guten-column-wrapper\">\n<h3 class=\"wp-block-heading\">Pero yo no quiero interactuar, \u00bfTengo que hacerlo obligatoriamente?<\/h3>\n\n\n\n<p>No es necesario. Somos un teatro interactivo apto para t\u00edmidos, por lo que no es necesario que interact\u00faes con los personajes. Ning\u00fan espectador tendr\u00e1 el foco de atenci\u00f3n absoluto en ning\u00fan momento; cada uno pregunta lo que quiera cuando quiera, sin m\u00e1s protagonismo que ese.<\/p>\n<\/div><\/div><\/div>\n<\/div><\/section><\/div>\n\n\n\n<div class=\"section-wrapper\" data-id=\"IXzPmh\"><section class=\"wp-block-gutenverse-section guten-element guten-section guten-IXzPmh layout-boxed align-stretch\"><div class=\"guten-background-overlay\"><\/div><div class=\"guten-shape-divider guten-shape-divider-top\"><\/div><div class=\"guten-shape-divider guten-shape-divider-bottom\"><\/div><div class=\"guten-container guten-column-gap-default\">\n<div class=\"wp-block-gutenverse-column guten-element guten-column guten-t3wHCg\"><div class=\"guten-background-overlay\"><\/div><div class=\"sticky-wrapper\" data-id=\"t3wHCg\"><div class=\"guten-column-wrapper\">\n<div class=\"wp-block-gutenverse-icon guten-element guten-qRbSBg guten-icon\"><span class=\"guten-icon-wrapper rounded stacked\"><i class=\"fas fa-question-circle\"><\/i><\/span><\/div>\n<\/div><\/div><\/div>\n\n\n\n<div class=\"wp-block-gutenverse-column guten-element guten-column guten-hzXFD0\"><div class=\"guten-background-overlay\"><\/div><div class=\"sticky-wrapper\" data-id=\"hzXFD0\"><div class=\"guten-column-wrapper\">\n<h3 class=\"wp-block-heading\">Quiero llevar a mis hijos. \u00bfPuedo saltarme la edad recomendada de cada espect\u00e1culo?<\/h3>\n\n\n\n<p>No lo aconsejamos, ya que la edad m\u00ednima est\u00e1 estipulada por algo en concreto, ya sea por lenguaje inapropiado, contenido complicado de entender, etc. No es una restricci\u00f3n obligatoria, pero s\u00ed recomendada.<\/p>\n<\/div><\/div><\/div>\n<\/div><\/section><\/div>\n\n\n\n<div class=\"section-wrapper\" data-id=\"uWMuBE\"><section class=\"wp-block-gutenverse-section guten-element guten-section guten-uWMuBE layout-boxed align-stretch\"><div class=\"guten-background-overlay\"><\/div><div class=\"guten-shape-divider guten-shape-divider-top\"><\/div><div class=\"guten-shape-divider guten-shape-divider-bottom\"><\/div><div class=\"guten-container guten-column-gap-default\">\n<div class=\"wp-block-gutenverse-column guten-element guten-column guten-WV1FjQ\"><div class=\"guten-background-overlay\"><\/div><div class=\"sticky-wrapper\" data-id=\"WV1FjQ\"><div class=\"guten-column-wrapper\">\n<div class=\"wp-block-gutenverse-icon guten-element guten-I5fsYA guten-icon\"><span class=\"guten-icon-wrapper rounded stacked\"><i class=\"fas fa-question-circle\"><\/i><\/span><\/div>\n<\/div><\/div><\/div>\n\n\n\n<div class=\"wp-block-gutenverse-column guten-element guten-column guten-NL3b4o\"><div class=\"guten-background-overlay\"><\/div><div class=\"sticky-wrapper\" data-id=\"NL3b4o\"><div class=\"guten-column-wrapper\">\n<h3 class=\"wp-block-heading\">No hay suficientes entradas la venta para el d\u00eda que queremos ir. \u00bfQu\u00e9 hacemos?<\/h3>\n\n\n\n<p>Nuestro aforo es muy limitado (32 \u2013 40 pax) y las entradas disponibles pueden acabarse r\u00e1pido. Lamentablemente no guardamos cupo de entradas para vender en taquilla, as\u00ed que el 100% de las entradas son las que tienes a tu disposici\u00f3n de manera Online.<\/p>\n<\/div><\/div><\/div>\n<\/div><\/section><\/div>\n\n\n\n<div class=\"section-wrapper\" data-id=\"KLdLpC\"><section class=\"wp-block-gutenverse-section guten-element guten-section guten-KLdLpC layout-boxed align-stretch\"><div class=\"guten-background-overlay\"><\/div><div class=\"guten-shape-divider guten-shape-divider-top\"><\/div><div class=\"guten-shape-divider guten-shape-divider-bottom\"><\/div><div class=\"guten-container guten-column-gap-default\">\n<div class=\"wp-block-gutenverse-column guten-element guten-column guten-1wxi5P\"><div class=\"guten-background-overlay\"><\/div><div class=\"sticky-wrapper\" data-id=\"1wxi5P\"><div class=\"guten-column-wrapper\">\n<div class=\"wp-block-gutenverse-icon guten-element guten-9Vwg8x guten-icon\"><span class=\"guten-icon-wrapper rounded stacked\"><i class=\"fas fa-question-circle\"><\/i><\/span><\/div>\n<\/div><\/div><\/div>\n\n\n\n<div class=\"wp-block-gutenverse-column guten-element guten-column guten-hfk8Y0\"><div class=\"guten-background-overlay\"><\/div><div class=\"sticky-wrapper\" data-id=\"hfk8Y0\"><div class=\"guten-column-wrapper\">\n<h3 class=\"wp-block-heading\">\u00bfPor qu\u00e9 hay que estar 20 minutos antes obligatoriamente en todos los espect\u00e1culos?<\/h3>\n\n\n\n<p>En nuestros espect\u00e1culos llevamos la interacci\u00f3n al m\u00e1ximo nivel. Es por esto que antes del comienzo hay que hacer varias cosas: Leer el d\u00edptico de normas que os entregamos, elegir tarjetas de personaje, recibir una explicaci\u00f3n previa sobre la din\u00e1mica de juego\u2026 El espect\u00e1culo comienza a la hora indicada, pero la preparaci\u00f3n previa requiere ese tiempo.<\/p>\n<\/div><\/div><\/div>\n<\/div><\/section><\/div>\n\n\n\n<div class=\"section-wrapper\" data-id=\"GbPs2L\"><section class=\"wp-block-gutenverse-section guten-element guten-section guten-GbPs2L layout-boxed align-stretch\"><div class=\"guten-background-overlay\"><\/div><div class=\"guten-shape-divider guten-shape-divider-top\"><\/div><div class=\"guten-shape-divider guten-shape-divider-bottom\"><\/div><div class=\"guten-container guten-column-gap-default\">\n<div class=\"wp-block-gutenverse-column guten-element guten-column guten-rqBDYn\"><div class=\"guten-background-overlay\"><\/div><div class=\"sticky-wrapper\" data-id=\"rqBDYn\"><div class=\"guten-column-wrapper\">\n<div class=\"wp-block-gutenverse-icon guten-element guten-2TwvNs guten-icon\"><span class=\"guten-icon-wrapper rounded stacked\"><i class=\"fas fa-question-circle\"><\/i><\/span><\/div>\n<\/div><\/div><\/div>\n\n\n\n<div class=\"wp-block-gutenverse-column guten-element guten-column guten-WUh5BM\"><div class=\"guten-background-overlay\"><\/div><div class=\"sticky-wrapper\" data-id=\"WUh5BM\"><div class=\"guten-column-wrapper\">\n<h3 class=\"wp-block-heading\">Tengo movilidad reducida, \u00bftendr\u00e9 alg\u00fan problema para disfrutar del espect\u00e1culo?<\/h3>\n\n\n\n<p>En principio no, ya que aunque lo recomendable en nuestros espect\u00e1culos es moverse durante las interacciones, los actores se acercan a las personas con problemas de movilidad para evitar que estos se levanten. En todo momento estar\u00e1n sentados.<br>El \u00fanico problema es que para dos de las tres salas que tenemos hay que bajar un peque\u00f1o tramo de escaleras, as\u00ed que si esto puede ser un impedimento, ponte en contacto con nosotros directamente.<\/p>\n<\/div><\/div><\/div>\n<\/div><\/section><\/div>\n","protected":false},"excerpt":{"rendered":"<p>Como sabemos que esto del teatro interactivo puede generar muchas dudas, a continuaci\u00f3n ver\u00e1s una serie de preguntas frecuentes que pueden surgir a la hora de reservar una entrada. \u00c9chales un vistazo, y si a\u00fan as\u00ed tu duda persiste, ponte en contacto con nosotros.<\/p>\n","protected":false},"author":1,"featured_media":0,"parent":0,"menu_order":0,"comment_status":"closed","ping_status":"closed","template":"","meta":{"footnotes":""},"class_list":["post-4995","page","type-page","status-publish","hentry"],"_links":{"self":[{"href":"https:\/\/lacajalistateatro.com\/nueva\/wp-json\/wp\/v2\/pages\/4995","targetHints":{"allow":["GET"]}}],"collection":[{"href":"https:\/\/lacajalistateatro.com\/nueva\/wp-json\/wp\/v2\/pages"}],"about":[{"href":"https:\/\/lacajalistateatro.com\/nueva\/wp-json\/wp\/v2\/types\/page"}],"author":[{"embeddable":true,"href":"https:\/\/lacajalistateatro.com\/nueva\/wp-json\/wp\/v2\/users\/1"}],"replies":[{"embeddable":true,"href":"https:\/\/lacajalistateatro.com\/nueva\/wp-json\/wp\/v2\/comments?post=4995"}],"version-history":[{"count":2,"href":"https:\/\/lacajalistateatro.com\/nueva\/wp-json\/wp\/v2\/pages\/4995\/revisions"}],"predecessor-version":[{"id":4997,"href":"https:\/\/lacajalistateatro.com\/nueva\/wp-json\/wp\/v2\/pages\/4995\/revisions\/4997"}],"wp:attachment":[{"href":"https:\/\/lacajalistateatro.com\/nueva\/wp-json\/wp\/v2\/media?parent=4995"}],"curies":[{"name":"wp","href":"https:\/\/api.w.org\/{rel}","templated":true}]}}