{"id":4917,"date":"2024-03-07T20:24:05","date_gmt":"2024-03-07T19:24:05","guid":{"rendered":"https:\/\/lacajalistateatro.com\/nueva\/?page_id=4917"},"modified":"2025-01-15T16:24:57","modified_gmt":"2025-01-15T15:24:57","slug":"cluedo-1942","status":"publish","type":"page","link":"https:\/\/lacajalistateatro.com\/nueva\/espectaculos\/cluedo-1942\/","title":{"rendered":"Cluedo 1942"},"content":{"rendered":"\n<div class=\"wp-block-group is-layout-flow wp-block-group-is-layout-flow\">\n<div class=\"section-wrapper\" data-id=\"rJPV91\"><section class=\"wp-block-gutenverse-section guten-element guten-section guten-rJPV91 layout-fullwidth align-stretch\"><div class=\"guten-background-overlay\"><\/div><div class=\"guten-shape-divider guten-shape-divider-top\"><\/div><div class=\"guten-shape-divider guten-shape-divider-bottom\"><\/div><div class=\"guten-container guten-column-gap-default\">\n<div class=\"wp-block-gutenverse-column guten-element guten-column guten-iEhJIc\"><div class=\"guten-background-overlay\"><\/div><div class=\"sticky-wrapper\" data-id=\"iEhJIc\"><div class=\"guten-column-wrapper\">\n<figure class=\"wp-block-image size-full is-style-default\"><img loading=\"lazy\" decoding=\"async\" width=\"325\" height=\"217\" src=\"https:\/\/lacajalistateatro.com\/nueva\/wp-content\/uploads\/2024\/03\/cluedo1942_1.jpeg\" alt=\"\" class=\"wp-image-4930\" srcset=\"https:\/\/lacajalistateatro.com\/nueva\/wp-content\/uploads\/2024\/03\/cluedo1942_1.jpeg 325w, https:\/\/lacajalistateatro.com\/nueva\/wp-content\/uploads\/2024\/03\/cluedo1942_1-300x200.jpeg 300w\" sizes=\"auto, (max-width: 325px) 100vw, 325px\" \/><\/figure>\n\n\n\n<figure class=\"wp-block-image size-full\"><img loading=\"lazy\" decoding=\"async\" width=\"325\" height=\"217\" src=\"https:\/\/lacajalistateatro.com\/nueva\/wp-content\/uploads\/2024\/03\/cluedo1942_2.jpeg\" alt=\"\" class=\"wp-image-4931\" srcset=\"https:\/\/lacajalistateatro.com\/nueva\/wp-content\/uploads\/2024\/03\/cluedo1942_2.jpeg 325w, https:\/\/lacajalistateatro.com\/nueva\/wp-content\/uploads\/2024\/03\/cluedo1942_2-300x200.jpeg 300w\" sizes=\"auto, (max-width: 325px) 100vw, 325px\" \/><\/figure>\n\n\n\n<figure class=\"wp-block-image size-full\"><img loading=\"lazy\" decoding=\"async\" width=\"325\" height=\"217\" src=\"https:\/\/lacajalistateatro.com\/nueva\/wp-content\/uploads\/2024\/03\/cluedo1942_3.jpeg\" alt=\"\" class=\"wp-image-4932\" srcset=\"https:\/\/lacajalistateatro.com\/nueva\/wp-content\/uploads\/2024\/03\/cluedo1942_3.jpeg 325w, https:\/\/lacajalistateatro.com\/nueva\/wp-content\/uploads\/2024\/03\/cluedo1942_3-300x200.jpeg 300w\" sizes=\"auto, (max-width: 325px) 100vw, 325px\" \/><\/figure>\n<\/div><\/div><\/div>\n\n\n\n<div class=\"wp-block-gutenverse-column guten-element guten-column guten-w1Xmou\"><div class=\"guten-background-overlay\"><\/div><div class=\"sticky-wrapper\" data-id=\"w1Xmou\"><div class=\"guten-column-wrapper\">\n<p>Un cad\u00e1ver ha sido encontrado en uno de los vagones del Berl\u00edn Express en su viaje a Nuremberg. Cuatro son los sospechosos de haber cometido el crimen y t\u00fa deber\u00e1s averiguar qui\u00e9n es, Pero debes estar alerta ya que el asesino no actu\u00f3 solo, tuvo un c\u00f3mplice entre los espectadores del tren. <strong>\u00bfSer\u00e1s capaz de descubrir tambi\u00e9n al c\u00f3mplice?<\/strong> \u00bfO\u2026 ser\u00e1s t\u00fa?<\/p>\n\n\n\n<p>Esta es la premisa de este espect\u00e1culo interactivo en el que el p\u00fablico deber\u00e1 descubrir qui\u00e9n es el asesino, qui\u00e9n es el c\u00f3mplice, y cu\u00e1l es el m\u00f3vil del crimen. Y para conseguirlo deber\u00e1n interrogar a los habitantes de la casa, encontrar pistas y atar cabos.<\/p>\n\n\n\n<p>Pero tranquilos, que si os asusta tener el protagonismo bajo la atenta mirada del resto de espectadores, en nuestro espect\u00e1culo est\u00e1is a salvo; cada uno se implica e interact\u00faa hasta donde quiera ;).<\/p>\n\n\n\n<p>Este espect\u00e1culo <strong>no est\u00e1 recomendado para menores de 14 a\u00f1os<\/strong><\/p>\n<\/div><\/div><\/div>\n\n\n\n<div class=\"wp-block-gutenverse-column guten-element guten-column guten-1tO0VH\"><div class=\"guten-background-overlay\"><\/div><div class=\"sticky-wrapper\" data-id=\"1tO0VH\"><div class=\"guten-column-wrapper\">\n<div class=\"section-wrapper\" data-id=\"1CfQnb\"><section class=\"wp-block-gutenverse-section guten-element guten-section guten-1CfQnb layout-boxed align-stretch\"><div class=\"guten-background-overlay\"><\/div><div class=\"guten-shape-divider guten-shape-divider-top\"><\/div><div class=\"guten-shape-divider guten-shape-divider-bottom\"><\/div><div class=\"guten-container guten-column-gap-default\">\n<div class=\"wp-block-gutenverse-column guten-element guten-column guten-zoorT4\"><div class=\"guten-background-overlay\"><\/div><div class=\"sticky-wrapper\" data-id=\"zoorT4\"><div class=\"guten-column-wrapper\">\n<p><strong>CARACTER\u00cdSTICAS<\/strong><\/p>\n<\/div><\/div><\/div>\n<\/div><\/section><\/div>\n\n\n\n<div class=\"section-wrapper\" data-id=\"RQfyms\"><section class=\"wp-block-gutenverse-section guten-element guten-section guten-RQfyms layout-boxed align-stretch\"><div class=\"guten-background-overlay\"><\/div><div class=\"guten-shape-divider guten-shape-divider-top\"><\/div><div class=\"guten-shape-divider guten-shape-divider-bottom\"><\/div><div class=\"guten-container guten-column-gap-default\">\n<div class=\"wp-block-gutenverse-column guten-element guten-column guten-q8jMPd\"><div class=\"guten-background-overlay\"><\/div><div class=\"sticky-wrapper\" data-id=\"q8jMPd\"><div class=\"guten-column-wrapper\">\n<p><strong>Duraci\u00f3n<\/strong>: 105 minutos<br><strong>Aforo m\u00e1ximo<\/strong>: 30 pax<br><strong>Ubicaci\u00f3n<\/strong>: Sala principal La Caja Lista<br><strong>Autor<\/strong>: Javier Posadas<\/p>\n<\/div><\/div><\/div>\n<\/div><\/section><\/div>\n\n\n\n<div class=\"section-wrapper\" data-id=\"1K6dbE\"><section class=\"wp-block-gutenverse-section guten-element guten-section guten-1K6dbE layout-boxed align-stretch\"><div class=\"guten-background-overlay\"><\/div><div class=\"guten-shape-divider guten-shape-divider-top\"><\/div><div class=\"guten-shape-divider guten-shape-divider-bottom\"><\/div><div class=\"guten-container guten-column-gap-default\">\n<div class=\"wp-block-gutenverse-column guten-element guten-column guten-zikPCv\"><div class=\"guten-background-overlay\"><\/div><div class=\"sticky-wrapper\" data-id=\"zikPCv\"><div class=\"guten-column-wrapper\">\n<p><strong>ESPECIFICACIONES<\/strong><\/p>\n<\/div><\/div><\/div>\n<\/div><\/section><\/div>\n\n\n\n<div class=\"section-wrapper\" data-id=\"NscGXT\"><section class=\"wp-block-gutenverse-section guten-element guten-section guten-NscGXT layout-boxed align-stretch\"><div class=\"guten-background-overlay\"><\/div><div class=\"guten-shape-divider guten-shape-divider-top\"><\/div><div class=\"guten-shape-divider guten-shape-divider-bottom\"><\/div><div class=\"guten-container guten-column-gap-default\">\n<div class=\"wp-block-gutenverse-column guten-element guten-column guten-OSajOo\"><div class=\"guten-background-overlay\"><\/div><div class=\"sticky-wrapper\" data-id=\"OSajOo\"><div class=\"guten-column-wrapper\">\n<p><strong>Interacci\u00f3n<\/strong>: \u2605\u2605\u2605\u2605\u2605<br><strong>Inmersi\u00f3n<\/strong>: \u2605\u2605\u2605\u2605\u2605<br><strong>Dificultad<\/strong>: \u2605\u2605\u2605\u2605<br><strong>Historia<\/strong>: \u2605\u2605\u2605\u2605\u2605<\/p>\n<\/div><\/div><\/div>\n<\/div><\/section><\/div>\n<\/div><\/div><\/div>\n<\/div><\/section><\/div>\n\n\n\n<div style=\"height:50px\" aria-hidden=\"true\" class=\"wp-block-spacer\"><\/div>\n\n\n\n<iframe src=\"https:\/\/www.dinaticket.com\/es\/provider\/16074\/event\/4838122?widget\" width=\"100%\" style=\"min-height: 600px; border: 0; outline: 0;\"><\/iframe>\n<\/div>\n\n\n\n<p><\/p>\n","protected":false},"excerpt":{"rendered":"","protected":false},"author":1,"featured_media":0,"parent":4885,"menu_order":0,"comment_status":"closed","ping_status":"closed","template":"","meta":{"footnotes":""},"class_list":["post-4917","page","type-page","status-publish","hentry"],"_links":{"self":[{"href":"https:\/\/lacajalistateatro.com\/nueva\/wp-json\/wp\/v2\/pages\/4917","targetHints":{"allow":["GET"]}}],"collection":[{"href":"https:\/\/lacajalistateatro.com\/nueva\/wp-json\/wp\/v2\/pages"}],"about":[{"href":"https:\/\/lacajalistateatro.com\/nueva\/wp-json\/wp\/v2\/types\/page"}],"author":[{"embeddable":true,"href":"https:\/\/lacajalistateatro.com\/nueva\/wp-json\/wp\/v2\/users\/1"}],"replies":[{"embeddable":true,"href":"https:\/\/lacajalistateatro.com\/nueva\/wp-json\/wp\/v2\/comments?post=4917"}],"version-history":[{"count":4,"href":"https:\/\/lacajalistateatro.com\/nueva\/wp-json\/wp\/v2\/pages\/4917\/revisions"}],"predecessor-version":[{"id":5077,"href":"https:\/\/lacajalistateatro.com\/nueva\/wp-json\/wp\/v2\/pages\/4917\/revisions\/5077"}],"up":[{"embeddable":true,"href":"https:\/\/lacajalistateatro.com\/nueva\/wp-json\/wp\/v2\/pages\/4885"}],"wp:attachment":[{"href":"https:\/\/lacajalistateatro.com\/nueva\/wp-json\/wp\/v2\/media?parent=4917"}],"curies":[{"name":"wp","href":"https:\/\/api.w.org\/{rel}","templated":true}]}}