{"id":4916,"date":"2024-03-07T20:24:10","date_gmt":"2024-03-07T19:24:10","guid":{"rendered":"https:\/\/lacajalistateatro.com\/nueva\/?page_id=4916"},"modified":"2025-01-15T16:22:08","modified_gmt":"2025-01-15T15:22:08","slug":"cluedo-1910","status":"publish","type":"page","link":"https:\/\/lacajalistateatro.com\/nueva\/espectaculos\/cluedo-1910\/","title":{"rendered":"Cluedo 1910"},"content":{"rendered":"\n<div class=\"wp-block-group is-layout-flow wp-block-group-is-layout-flow\">\n<div class=\"section-wrapper\" data-id=\"rJPV91\"><section class=\"wp-block-gutenverse-section guten-element guten-section guten-rJPV91 layout-fullwidth align-stretch\"><div class=\"guten-background-overlay\"><\/div><div class=\"guten-shape-divider guten-shape-divider-top\"><\/div><div class=\"guten-shape-divider guten-shape-divider-bottom\"><\/div><div class=\"guten-container guten-column-gap-default\">\n<div class=\"wp-block-gutenverse-column guten-element guten-column guten-iEhJIc\"><div class=\"guten-background-overlay\"><\/div><div class=\"sticky-wrapper\" data-id=\"iEhJIc\"><div class=\"guten-column-wrapper\">\n<figure class=\"wp-block-image size-full is-style-default\"><img loading=\"lazy\" decoding=\"async\" width=\"325\" height=\"217\" src=\"https:\/\/lacajalistateatro.com\/nueva\/wp-content\/uploads\/2024\/03\/cluedo1910_1.jpg\" alt=\"\" class=\"wp-image-4926\" srcset=\"https:\/\/lacajalistateatro.com\/nueva\/wp-content\/uploads\/2024\/03\/cluedo1910_1.jpg 325w, https:\/\/lacajalistateatro.com\/nueva\/wp-content\/uploads\/2024\/03\/cluedo1910_1-300x200.jpg 300w\" sizes=\"auto, (max-width: 325px) 100vw, 325px\" \/><\/figure>\n\n\n\n<figure class=\"wp-block-image size-full\"><img loading=\"lazy\" decoding=\"async\" width=\"325\" height=\"217\" src=\"https:\/\/lacajalistateatro.com\/nueva\/wp-content\/uploads\/2024\/03\/cluedo1910_2.jpg\" alt=\"\" class=\"wp-image-4927\" srcset=\"https:\/\/lacajalistateatro.com\/nueva\/wp-content\/uploads\/2024\/03\/cluedo1910_2.jpg 325w, https:\/\/lacajalistateatro.com\/nueva\/wp-content\/uploads\/2024\/03\/cluedo1910_2-300x200.jpg 300w\" sizes=\"auto, (max-width: 325px) 100vw, 325px\" \/><\/figure>\n\n\n\n<figure class=\"wp-block-image size-full\"><img loading=\"lazy\" decoding=\"async\" width=\"325\" height=\"217\" src=\"https:\/\/lacajalistateatro.com\/nueva\/wp-content\/uploads\/2024\/03\/cluedo1910_3.jpg\" alt=\"\" class=\"wp-image-4928\" srcset=\"https:\/\/lacajalistateatro.com\/nueva\/wp-content\/uploads\/2024\/03\/cluedo1910_3.jpg 325w, https:\/\/lacajalistateatro.com\/nueva\/wp-content\/uploads\/2024\/03\/cluedo1910_3-300x200.jpg 300w\" sizes=\"auto, (max-width: 325px) 100vw, 325px\" \/><\/figure>\n<\/div><\/div><\/div>\n\n\n\n<div class=\"wp-block-gutenverse-column guten-element guten-column guten-w1Xmou\"><div class=\"guten-background-overlay\"><\/div><div class=\"sticky-wrapper\" data-id=\"w1Xmou\"><div class=\"guten-column-wrapper\">\n<p>El Duque de Northampton ha sido asesinado y t\u00fa has recibido una invitaci\u00f3n para asistir a la lectura de su testamento. En el pueblo siempre se cotillea sobre la familia Northampton, especialmente ahora que la Ley S\u00e1lica a la que tradicionalmente se acoge la familia le quitara toda <strong>la herencia<\/strong> a la hija del Duque solo por no ser un hombre. El Duque podr\u00e1 acogerse o no a la ley voluntariamente, y esto cambiara su herencia.<\/p>\n\n\n\n<p>Esta es la premisa de este espect\u00e1culo interactivo en el que el p\u00fablico deber\u00e1 descubrir qui\u00e9n es el asesino, qui\u00e9n es el c\u00f3mplice, y cu\u00e1l es el m\u00f3vil del crimen. Y para conseguirlo deber\u00e1n interrogar a los habitantes de la casa, encontrar pistas y atar cabos.<\/p>\n\n\n\n<p>Pero tranquilos, que si os asusta tener el protagonismo bajo la atenta mirada del resto de espectadores, en nuestro espect\u00e1culo est\u00e1is a salvo; cada uno se implica e interact\u00faa hasta donde quiera ;).<\/p>\n\n\n\n<p>Este espect\u00e1culo <strong>no est\u00e1 recomendado para menores de 10 a\u00f1os<\/strong><\/p>\n<\/div><\/div><\/div>\n\n\n\n<div class=\"wp-block-gutenverse-column guten-element guten-column guten-1tO0VH\"><div class=\"guten-background-overlay\"><\/div><div class=\"sticky-wrapper\" data-id=\"1tO0VH\"><div class=\"guten-column-wrapper\">\n<div class=\"section-wrapper\" data-id=\"1CfQnb\"><section class=\"wp-block-gutenverse-section guten-element guten-section guten-1CfQnb layout-boxed align-stretch\"><div class=\"guten-background-overlay\"><\/div><div class=\"guten-shape-divider guten-shape-divider-top\"><\/div><div class=\"guten-shape-divider guten-shape-divider-bottom\"><\/div><div class=\"guten-container guten-column-gap-default\">\n<div class=\"wp-block-gutenverse-column guten-element guten-column guten-zoorT4\"><div class=\"guten-background-overlay\"><\/div><div class=\"sticky-wrapper\" data-id=\"zoorT4\"><div class=\"guten-column-wrapper\">\n<p><strong>CARACTER\u00cdSTICAS<\/strong><\/p>\n<\/div><\/div><\/div>\n<\/div><\/section><\/div>\n\n\n\n<div class=\"section-wrapper\" data-id=\"RQfyms\"><section class=\"wp-block-gutenverse-section guten-element guten-section guten-RQfyms layout-boxed align-stretch\"><div class=\"guten-background-overlay\"><\/div><div class=\"guten-shape-divider guten-shape-divider-top\"><\/div><div class=\"guten-shape-divider guten-shape-divider-bottom\"><\/div><div class=\"guten-container guten-column-gap-default\">\n<div class=\"wp-block-gutenverse-column guten-element guten-column guten-q8jMPd\"><div class=\"guten-background-overlay\"><\/div><div class=\"sticky-wrapper\" data-id=\"q8jMPd\"><div class=\"guten-column-wrapper\">\n<p><strong>Duraci\u00f3n<\/strong>: 105 minutos<br><strong>Aforo m\u00e1ximo<\/strong>: 30 pax<br><strong>Ubicaci\u00f3n<\/strong>: Sala Mansi\u00f3n Northampton<br><strong>Autor<\/strong>: Javier Posadas<\/p>\n<\/div><\/div><\/div>\n<\/div><\/section><\/div>\n\n\n\n<div class=\"section-wrapper\" data-id=\"1K6dbE\"><section class=\"wp-block-gutenverse-section guten-element guten-section guten-1K6dbE layout-boxed align-stretch\"><div class=\"guten-background-overlay\"><\/div><div class=\"guten-shape-divider guten-shape-divider-top\"><\/div><div class=\"guten-shape-divider guten-shape-divider-bottom\"><\/div><div class=\"guten-container guten-column-gap-default\">\n<div class=\"wp-block-gutenverse-column guten-element guten-column guten-zikPCv\"><div class=\"guten-background-overlay\"><\/div><div class=\"sticky-wrapper\" data-id=\"zikPCv\"><div class=\"guten-column-wrapper\">\n<p><strong>ESPECIFICACIONES<\/strong><\/p>\n<\/div><\/div><\/div>\n<\/div><\/section><\/div>\n\n\n\n<div class=\"section-wrapper\" data-id=\"NscGXT\"><section class=\"wp-block-gutenverse-section guten-element guten-section guten-NscGXT layout-boxed align-stretch\"><div class=\"guten-background-overlay\"><\/div><div class=\"guten-shape-divider guten-shape-divider-top\"><\/div><div class=\"guten-shape-divider guten-shape-divider-bottom\"><\/div><div class=\"guten-container guten-column-gap-default\">\n<div class=\"wp-block-gutenverse-column guten-element guten-column guten-OSajOo\"><div class=\"guten-background-overlay\"><\/div><div class=\"sticky-wrapper\" data-id=\"OSajOo\"><div class=\"guten-column-wrapper\">\n<p><strong>Interacci\u00f3n<\/strong>: \u2605\u2605\u2605\u2605\u2605<br><strong>Inmersi\u00f3n<\/strong>: \u2605\u2605\u2605\u2605<br><strong>Dificultad<\/strong>: \u2605\u2605<br><strong>Historia<\/strong>: \u2605\u2605\u2605<\/p>\n<\/div><\/div><\/div>\n<\/div><\/section><\/div>\n<\/div><\/div><\/div>\n<\/div><\/section><\/div>\n\n\n\n<div style=\"height:55px\" aria-hidden=\"true\" class=\"wp-block-spacer\"><\/div>\n\n\n\n<iframe src=\"https:\/\/www.dinaticket.com\/es\/provider\/16074\/event\/4827460?widget\" width=\"100%\" style=\"min-height: 600px; border: 0; outline: 0;\"><\/iframe>\n<\/div>\n\n\n\n<p><\/p>\n","protected":false},"excerpt":{"rendered":"","protected":false},"author":1,"featured_media":0,"parent":4885,"menu_order":0,"comment_status":"closed","ping_status":"closed","template":"","meta":{"footnotes":""},"class_list":["post-4916","page","type-page","status-publish","hentry"],"_links":{"self":[{"href":"https:\/\/lacajalistateatro.com\/nueva\/wp-json\/wp\/v2\/pages\/4916","targetHints":{"allow":["GET"]}}],"collection":[{"href":"https:\/\/lacajalistateatro.com\/nueva\/wp-json\/wp\/v2\/pages"}],"about":[{"href":"https:\/\/lacajalistateatro.com\/nueva\/wp-json\/wp\/v2\/types\/page"}],"author":[{"embeddable":true,"href":"https:\/\/lacajalistateatro.com\/nueva\/wp-json\/wp\/v2\/users\/1"}],"replies":[{"embeddable":true,"href":"https:\/\/lacajalistateatro.com\/nueva\/wp-json\/wp\/v2\/comments?post=4916"}],"version-history":[{"count":5,"href":"https:\/\/lacajalistateatro.com\/nueva\/wp-json\/wp\/v2\/pages\/4916\/revisions"}],"predecessor-version":[{"id":5075,"href":"https:\/\/lacajalistateatro.com\/nueva\/wp-json\/wp\/v2\/pages\/4916\/revisions\/5075"}],"up":[{"embeddable":true,"href":"https:\/\/lacajalistateatro.com\/nueva\/wp-json\/wp\/v2\/pages\/4885"}],"wp:attachment":[{"href":"https:\/\/lacajalistateatro.com\/nueva\/wp-json\/wp\/v2\/media?parent=4916"}],"curies":[{"name":"wp","href":"https:\/\/api.w.org\/{rel}","templated":true}]}}