{"id":4915,"date":"2024-03-07T20:23:58","date_gmt":"2024-03-07T19:23:58","guid":{"rendered":"https:\/\/lacajalistateatro.com\/nueva\/?page_id=4915"},"modified":"2025-01-15T16:26:02","modified_gmt":"2025-01-15T15:26:02","slug":"protocolo-de-eliminacion","status":"publish","type":"page","link":"https:\/\/lacajalistateatro.com\/nueva\/espectaculos\/protocolo-de-eliminacion\/","title":{"rendered":"Protocolo de Eliminaci\u00f3n"},"content":{"rendered":"\n<div class=\"wp-block-group is-layout-flow wp-block-group-is-layout-flow\">\n<div class=\"section-wrapper\" data-id=\"rJPV91\"><section class=\"wp-block-gutenverse-section guten-element guten-section guten-rJPV91 layout-fullwidth align-stretch\"><div class=\"guten-background-overlay\"><\/div><div class=\"guten-shape-divider guten-shape-divider-top\"><\/div><div class=\"guten-shape-divider guten-shape-divider-bottom\"><\/div><div class=\"guten-container guten-column-gap-default\">\n<div class=\"wp-block-gutenverse-column guten-element guten-column guten-iEhJIc\"><div class=\"guten-background-overlay\"><\/div><div class=\"sticky-wrapper\" data-id=\"iEhJIc\"><div class=\"guten-column-wrapper\">\n<figure class=\"wp-block-image size-full is-style-default\"><img loading=\"lazy\" decoding=\"async\" width=\"325\" height=\"217\" src=\"https:\/\/lacajalistateatro.com\/nueva\/wp-content\/uploads\/2024\/03\/protocolo1.jpg\" alt=\"\" class=\"wp-image-4921\" srcset=\"https:\/\/lacajalistateatro.com\/nueva\/wp-content\/uploads\/2024\/03\/protocolo1.jpg 325w, https:\/\/lacajalistateatro.com\/nueva\/wp-content\/uploads\/2024\/03\/protocolo1-300x200.jpg 300w\" sizes=\"auto, (max-width: 325px) 100vw, 325px\" \/><\/figure>\n\n\n\n<figure class=\"wp-block-image size-full\"><img loading=\"lazy\" decoding=\"async\" width=\"325\" height=\"217\" src=\"https:\/\/lacajalistateatro.com\/nueva\/wp-content\/uploads\/2024\/03\/protocolo2.jpg\" alt=\"\" class=\"wp-image-4922\" srcset=\"https:\/\/lacajalistateatro.com\/nueva\/wp-content\/uploads\/2024\/03\/protocolo2.jpg 325w, https:\/\/lacajalistateatro.com\/nueva\/wp-content\/uploads\/2024\/03\/protocolo2-300x200.jpg 300w\" sizes=\"auto, (max-width: 325px) 100vw, 325px\" \/><\/figure>\n\n\n\n<figure class=\"wp-block-image size-full\"><img loading=\"lazy\" decoding=\"async\" width=\"325\" height=\"217\" src=\"https:\/\/lacajalistateatro.com\/nueva\/wp-content\/uploads\/2024\/03\/protocolo3.jpg\" alt=\"\" class=\"wp-image-4923\" srcset=\"https:\/\/lacajalistateatro.com\/nueva\/wp-content\/uploads\/2024\/03\/protocolo3.jpg 325w, https:\/\/lacajalistateatro.com\/nueva\/wp-content\/uploads\/2024\/03\/protocolo3-300x200.jpg 300w\" sizes=\"auto, (max-width: 325px) 100vw, 325px\" \/><\/figure>\n<\/div><\/div><\/div>\n\n\n\n<div class=\"wp-block-gutenverse-column guten-element guten-column guten-w1Xmou\"><div class=\"guten-background-overlay\"><\/div><div class=\"sticky-wrapper\" data-id=\"w1Xmou\"><div class=\"guten-column-wrapper\">\n<p>Pr\u00f3ximamente. En un futuro probable y no muy lejano, vives en una sociedad atemorizada por un Gobierno opresivo que ha instaurado el infame <strong>\u00absensor de valoraci\u00f3n en Satisfacci\u00f3n Social\u00bb<\/strong>. Todo el mundo tiene uno y puede (y debe) puntuar a todos con los que se relaciona con una valoraci\u00f3n de <strong>0 a 5<\/strong>.<\/p>\n\n\n\n<p>Por otro lado, debido a una creciente superpoblaci\u00f3n se ha institucionalizado el no menos infame <strong>\u00abProtocolo de Eliminaci\u00f3n\u00bb<\/strong> por el cual el Estado elimina ciudadanos de una manera continuada seleccionando a 5 con una valoraci\u00f3n de 2.1 o inferior y oblig\u00e1ndoles a que ellos decidan por unanimidad cual de entre ellos 5 ser\u00e1 electrocutado. Este proceso se repetir\u00e1 hasta que solo quede uno. Si no llegaran a un acuerdo, ser\u00e1 el p\u00fablico asistente el que decida qui\u00e9n deber\u00e1 morir. Tu formas parte de ese p\u00fablico.<\/p>\n\n\n\n<p>Protocolo de Eliminaci\u00f3n es un espect\u00e1culo en el que los asistentes <strong>votan a mano alzada<\/strong> a qu\u00e9 personajes quieren eliminar llegado el momento, decidiendo c\u00f3mo contin\u00faa la historia. Un moderador hace el recuento a la vista de todos, y se da la oportunidad de argumentar a los espectadores por qu\u00e9 quieren eliminar a ese personaje. M\u00e1s que un espect\u00e1culo, es un <strong>experimento social<\/strong> en el que se demuestra que el mismo hecho se ve de distintas maneras, seg\u00fan los ojos que lo miran.<\/p>\n\n\n\n<p>Adem\u00e1s, al final del espect\u00e1culo hacemos un peque\u00f1o <strong>teatroforum<\/strong> de 10 min para hablar con los espectadores, comentar lo que ha pasado y resolver preguntas.<\/p>\n\n\n\n<p>Este espect\u00e1culo <strong>no est\u00e1 recomendado para menores de 16 a\u00f1os<\/strong> debido a la utilizaci\u00f3n de lenguaje soez, y al propio contenido del espect\u00e1culo.<\/p>\n<\/div><\/div><\/div>\n\n\n\n<div class=\"wp-block-gutenverse-column guten-element guten-column guten-1tO0VH\"><div class=\"guten-background-overlay\"><\/div><div class=\"sticky-wrapper\" data-id=\"1tO0VH\"><div class=\"guten-column-wrapper\">\n<div class=\"section-wrapper\" data-id=\"1CfQnb\"><section class=\"wp-block-gutenverse-section guten-element guten-section guten-1CfQnb layout-boxed align-stretch\"><div class=\"guten-background-overlay\"><\/div><div class=\"guten-shape-divider guten-shape-divider-top\"><\/div><div class=\"guten-shape-divider guten-shape-divider-bottom\"><\/div><div class=\"guten-container guten-column-gap-default\">\n<div class=\"wp-block-gutenverse-column guten-element guten-column guten-zoorT4\"><div class=\"guten-background-overlay\"><\/div><div class=\"sticky-wrapper\" data-id=\"zoorT4\"><div class=\"guten-column-wrapper\">\n<p><strong>CARACTER\u00cdSTICAS<\/strong><\/p>\n<\/div><\/div><\/div>\n<\/div><\/section><\/div>\n\n\n\n<div class=\"section-wrapper\" data-id=\"RQfyms\"><section class=\"wp-block-gutenverse-section guten-element guten-section guten-RQfyms layout-boxed align-stretch\"><div class=\"guten-background-overlay\"><\/div><div class=\"guten-shape-divider guten-shape-divider-top\"><\/div><div class=\"guten-shape-divider guten-shape-divider-bottom\"><\/div><div class=\"guten-container guten-column-gap-default\">\n<div class=\"wp-block-gutenverse-column guten-element guten-column guten-q8jMPd\"><div class=\"guten-background-overlay\"><\/div><div class=\"sticky-wrapper\" data-id=\"q8jMPd\"><div class=\"guten-column-wrapper\">\n<p><strong>Duraci\u00f3n<\/strong>: 105 minutos<br><strong>Aforo m\u00e1ximo<\/strong>: 50 pax<br><strong>Ubicaci\u00f3n<\/strong>: Sala principal La Caja Lista<br><strong>Autor<\/strong>: Javier Posadas<\/p>\n<\/div><\/div><\/div>\n<\/div><\/section><\/div>\n\n\n\n<div class=\"section-wrapper\" data-id=\"1K6dbE\"><section class=\"wp-block-gutenverse-section guten-element guten-section guten-1K6dbE layout-boxed align-stretch\"><div class=\"guten-background-overlay\"><\/div><div class=\"guten-shape-divider guten-shape-divider-top\"><\/div><div class=\"guten-shape-divider guten-shape-divider-bottom\"><\/div><div class=\"guten-container guten-column-gap-default\">\n<div class=\"wp-block-gutenverse-column guten-element guten-column guten-zikPCv\"><div class=\"guten-background-overlay\"><\/div><div class=\"sticky-wrapper\" data-id=\"zikPCv\"><div class=\"guten-column-wrapper\">\n<p><strong>ESPECIFICACIONES<\/strong><\/p>\n<\/div><\/div><\/div>\n<\/div><\/section><\/div>\n\n\n\n<div class=\"section-wrapper\" data-id=\"NscGXT\"><section class=\"wp-block-gutenverse-section guten-element guten-section guten-NscGXT layout-boxed align-stretch\"><div class=\"guten-background-overlay\"><\/div><div class=\"guten-shape-divider guten-shape-divider-top\"><\/div><div class=\"guten-shape-divider guten-shape-divider-bottom\"><\/div><div class=\"guten-container guten-column-gap-default\">\n<div class=\"wp-block-gutenverse-column guten-element guten-column guten-OSajOo\"><div class=\"guten-background-overlay\"><\/div><div class=\"sticky-wrapper\" data-id=\"OSajOo\"><div class=\"guten-column-wrapper\">\n<p><strong>Interacci\u00f3n<\/strong>: \u2605\u2605<br><strong>Inmersi\u00f3n<\/strong>: \u2605\u2605\u2605\u2605<br><strong>Dificultad<\/strong>: \u2605\u2605<br><strong>Historia<\/strong>: \u2605\u2605\u2605\u2605\u2605 <\/p>\n<\/div><\/div><\/div>\n<\/div><\/section><\/div>\n<\/div><\/div><\/div>\n<\/div><\/section><\/div>\n\n\n\n<div style=\"height:50px\" aria-hidden=\"true\" class=\"wp-block-spacer\"><\/div>\n\n\n\n<iframe src=\"https:\/\/www.dinaticket.com\/es\/provider\/16074\/event\/4830506?widget\" width=\"100%\" style=\"min-height: 600px; border: 0; outline: 0;\"><\/iframe>\n<\/div>\n\n\n\n<p><\/p>\n","protected":false},"excerpt":{"rendered":"","protected":false},"author":1,"featured_media":0,"parent":4885,"menu_order":0,"comment_status":"closed","ping_status":"closed","template":"","meta":{"footnotes":""},"class_list":["post-4915","page","type-page","status-publish","hentry"],"_links":{"self":[{"href":"https:\/\/lacajalistateatro.com\/nueva\/wp-json\/wp\/v2\/pages\/4915","targetHints":{"allow":["GET"]}}],"collection":[{"href":"https:\/\/lacajalistateatro.com\/nueva\/wp-json\/wp\/v2\/pages"}],"about":[{"href":"https:\/\/lacajalistateatro.com\/nueva\/wp-json\/wp\/v2\/types\/page"}],"author":[{"embeddable":true,"href":"https:\/\/lacajalistateatro.com\/nueva\/wp-json\/wp\/v2\/users\/1"}],"replies":[{"embeddable":true,"href":"https:\/\/lacajalistateatro.com\/nueva\/wp-json\/wp\/v2\/comments?post=4915"}],"version-history":[{"count":4,"href":"https:\/\/lacajalistateatro.com\/nueva\/wp-json\/wp\/v2\/pages\/4915\/revisions"}],"predecessor-version":[{"id":5079,"href":"https:\/\/lacajalistateatro.com\/nueva\/wp-json\/wp\/v2\/pages\/4915\/revisions\/5079"}],"up":[{"embeddable":true,"href":"https:\/\/lacajalistateatro.com\/nueva\/wp-json\/wp\/v2\/pages\/4885"}],"wp:attachment":[{"href":"https:\/\/lacajalistateatro.com\/nueva\/wp-json\/wp\/v2\/media?parent=4915"}],"curies":[{"name":"wp","href":"https:\/\/api.w.org\/{rel}","templated":true}]}}