{"id":4904,"date":"2024-03-07T19:55:30","date_gmt":"2024-03-07T18:55:30","guid":{"rendered":"https:\/\/lacajalistateatro.com\/nueva\/?page_id=4904"},"modified":"2025-02-28T15:13:37","modified_gmt":"2025-02-28T14:13:37","slug":"cluedo-1920","status":"publish","type":"page","link":"https:\/\/lacajalistateatro.com\/nueva\/espectaculos\/cluedo-1920\/","title":{"rendered":"Cluedo 1920: Los cad\u00e1veres no hablan"},"content":{"rendered":"\n<div class=\"wp-block-group is-layout-flow wp-block-group-is-layout-flow\">\n<div class=\"section-wrapper\" data-id=\"rJPV91\"><section class=\"wp-block-gutenverse-section guten-element guten-section guten-rJPV91 layout-fullwidth align-stretch\"><div class=\"guten-container guten-column-gap-default\">\n<div class=\"wp-block-gutenverse-column guten-element guten-column guten-iEhJIc\"><div class=\"guten-column-wrapper\" data-id=\"iEhJIc\">\n<figure class=\"wp-block-image size-large\"><img loading=\"lazy\" decoding=\"async\" width=\"726\" height=\"1024\" src=\"https:\/\/lacajalistateatro.com\/nueva\/wp-content\/uploads\/2024\/03\/cluedo_detalle-726x1024.jpg\" alt=\"\" class=\"wp-image-4905\" srcset=\"https:\/\/lacajalistateatro.com\/nueva\/wp-content\/uploads\/2024\/03\/cluedo_detalle-726x1024.jpg 726w, https:\/\/lacajalistateatro.com\/nueva\/wp-content\/uploads\/2024\/03\/cluedo_detalle-213x300.jpg 213w, https:\/\/lacajalistateatro.com\/nueva\/wp-content\/uploads\/2024\/03\/cluedo_detalle-768x1083.jpg 768w, https:\/\/lacajalistateatro.com\/nueva\/wp-content\/uploads\/2024\/03\/cluedo_detalle-600x846.jpg 600w, https:\/\/lacajalistateatro.com\/nueva\/wp-content\/uploads\/2024\/03\/cluedo_detalle.jpg 908w\" sizes=\"auto, (max-width: 726px) 100vw, 726px\" \/><\/figure>\n<\/div><\/div>\n\n\n\n<div class=\"wp-block-gutenverse-column guten-element guten-column guten-w1Xmou\"><div class=\"guten-column-wrapper\" data-id=\"w1Xmou\">\n<p>El Marqu\u00e9s de Milford Haven Se ha suicidado en su habitaci\u00f3n con las puertas y las ventanas cerradas por dentro. \u00bfRealmente se suicid\u00f3, o fue un asesinato? Juega tu papel, atiende a las escenas y habla con los actores para descubrir el misterio que rodea la muerte del Marqu\u00e9s.<\/p>\n\n\n\n<p>Esta es la premisa de este espect\u00e1culo interactivo en el que el p\u00fablico deber\u00e1 descubrir qui\u00e9n es el asesino, qui\u00e9n es el c\u00f3mplice, y cu\u00e1l es el m\u00f3vil del crimen. Y para conseguirlo deber\u00e1n interrogar a los habitantes de la casa, encontrar pistas y atar cabos.<\/p>\n\n\n\n<p>Pero tranquilos, que si os asusta tener el protagonismo bajo la atenta mirada del resto de espectadores, en nuestro espect\u00e1culo est\u00e1is a salvo; <strong>cada uno se implica e interact\u00faa hasta donde quiera<\/strong> \ud83d\ude09<\/p>\n<\/div><\/div>\n\n\n\n<div class=\"wp-block-gutenverse-column guten-element guten-column guten-1tO0VH\"><div class=\"guten-column-wrapper\" data-id=\"1tO0VH\">\n<div class=\"section-wrapper\" data-id=\"1CfQnb\"><section class=\"wp-block-gutenverse-section guten-element guten-section guten-1CfQnb layout-boxed align-stretch\"><div class=\"guten-container guten-column-gap-default\">\n<div class=\"wp-block-gutenverse-column guten-element guten-column guten-zoorT4\"><div class=\"guten-column-wrapper\" data-id=\"zoorT4\">\n<p><strong>CARACTER\u00cdSTICAS<\/strong><\/p>\n<\/div><\/div>\n<\/div><\/section><\/div>\n\n\n\n<div class=\"section-wrapper\" data-id=\"RQfyms\"><section class=\"wp-block-gutenverse-section guten-element guten-section guten-RQfyms layout-boxed align-stretch\"><div class=\"guten-container guten-column-gap-default\">\n<div class=\"wp-block-gutenverse-column guten-element guten-column guten-q8jMPd\"><div class=\"guten-column-wrapper\" data-id=\"q8jMPd\">\n<p><strong>Duraci\u00f3n<\/strong>: 105 minutos<br><strong>Aforo m\u00e1ximo<\/strong>: 45 pax<br><strong>Ubicaci\u00f3n<\/strong>: Teatro principal La Caja Lista<br><strong>Autor<\/strong>: Javi Posadas<\/p>\n<\/div><\/div>\n<\/div><\/section><\/div>\n\n\n\n<div class=\"section-wrapper\" data-id=\"1K6dbE\"><section class=\"wp-block-gutenverse-section guten-element guten-section guten-1K6dbE layout-boxed align-stretch\"><div class=\"guten-container guten-column-gap-default\">\n<div class=\"wp-block-gutenverse-column guten-element guten-column guten-zikPCv\"><div class=\"guten-column-wrapper\" data-id=\"zikPCv\">\n<p><strong>ESPECIFICACIONES<\/strong><\/p>\n<\/div><\/div>\n<\/div><\/section><\/div>\n\n\n\n<div class=\"section-wrapper\" data-id=\"NscGXT\"><section class=\"wp-block-gutenverse-section guten-element guten-section guten-NscGXT layout-boxed align-stretch\"><div class=\"guten-container guten-column-gap-default\">\n<div class=\"wp-block-gutenverse-column guten-element guten-column guten-OSajOo\"><div class=\"guten-column-wrapper\" data-id=\"OSajOo\">\n<p><strong>Interacci\u00f3n<\/strong>: \u2605\u2605\u2605\u2605\u2605<br><strong>Inmersi\u00f3n<\/strong>: \u2605\u2605\u2605\u2605<br><strong>Dificultad<\/strong>: \u2605\u2605\u2605\u2605<br><strong>Historia<\/strong>: \u2605\u2605\u2605\u2605\u2605 <\/p>\n<\/div><\/div>\n<\/div><\/section><\/div>\n<\/div><\/div>\n<\/div><\/section><\/div>\n\n\n\n<div style=\"height:50px\" aria-hidden=\"true\" class=\"wp-block-spacer\"><\/div>\n\n\n\n<iframe src=\"https:\/\/www.dinaticket.com\/es\/provider\/16074\/event\/4873027?widget\" width=\"100%\" style=\"min-height: 600px; border: 0; outline: 0;\"><\/iframe>\n<\/div>\n\n\n\n<p><\/p>\n","protected":false},"excerpt":{"rendered":"","protected":false},"author":1,"featured_media":0,"parent":4885,"menu_order":0,"comment_status":"closed","ping_status":"closed","template":"","meta":{"footnotes":""},"class_list":["post-4904","page","type-page","status-publish","hentry"],"_links":{"self":[{"href":"https:\/\/lacajalistateatro.com\/nueva\/wp-json\/wp\/v2\/pages\/4904","targetHints":{"allow":["GET"]}}],"collection":[{"href":"https:\/\/lacajalistateatro.com\/nueva\/wp-json\/wp\/v2\/pages"}],"about":[{"href":"https:\/\/lacajalistateatro.com\/nueva\/wp-json\/wp\/v2\/types\/page"}],"author":[{"embeddable":true,"href":"https:\/\/lacajalistateatro.com\/nueva\/wp-json\/wp\/v2\/users\/1"}],"replies":[{"embeddable":true,"href":"https:\/\/lacajalistateatro.com\/nueva\/wp-json\/wp\/v2\/comments?post=4904"}],"version-history":[{"count":9,"href":"https:\/\/lacajalistateatro.com\/nueva\/wp-json\/wp\/v2\/pages\/4904\/revisions"}],"predecessor-version":[{"id":5113,"href":"https:\/\/lacajalistateatro.com\/nueva\/wp-json\/wp\/v2\/pages\/4904\/revisions\/5113"}],"up":[{"embeddable":true,"href":"https:\/\/lacajalistateatro.com\/nueva\/wp-json\/wp\/v2\/pages\/4885"}],"wp:attachment":[{"href":"https:\/\/lacajalistateatro.com\/nueva\/wp-json\/wp\/v2\/media?parent=4904"}],"curies":[{"name":"wp","href":"https:\/\/api.w.org\/{rel}","templated":true}]}}