{"id":4885,"date":"2024-02-22T20:34:51","date_gmt":"2024-02-22T19:34:51","guid":{"rendered":"https:\/\/lacajalistateatro.com\/nueva\/?page_id=4885"},"modified":"2025-05-20T13:45:52","modified_gmt":"2025-05-20T11:45:52","slug":"espectaculos","status":"publish","type":"page","link":"https:\/\/lacajalistateatro.com\/nueva\/espectaculos\/","title":{"rendered":"Espect\u00e1culos"},"content":{"rendered":"\n<div class=\"wp-block-group is-layout-flow wp-container-core-group-is-layout-a77db08e wp-block-group-is-layout-flow\">\n<p style=\"margin-top:0px;margin-right:0px;margin-bottom:0px;margin-left:0px\">A continuaci\u00f3n ver\u00e1s una lista de los espect\u00e1culos que ofrecemos en La Caja Lista. Pinchando sobre cualquiera de ellos acceder\u00e1s a la descripci\u00f3n del evento, sus caracter\u00edsticas, y un sistema de valoraci\u00f3n mediante estrellas que hemos a\u00f1adido para que pod\u00e1is elegir el espect\u00e1culo que m\u00e1s se adapte a vuestros gustos. \u00bfPrefer\u00eds una historia con buena narrativa y poca interacci\u00f3n? \u00bfO por el contrario sois m\u00e1s de algo ligerito con lo que pod\u00e1is echaros unas risas? \u00a1Tenemos para elegir!<\/p>\n<\/div>\n\n\n\t\t\t\t\t\t\t<h3 style=\"margin-bottom:20px ;display:block;width:100%;margin-top:10px\"> <\/h3>\r\n\t\t\t\t\t\t\t\t<style>\r\n\t\t\t\t\t#colorbox_main_container_4764 .wpsm_panel {\r\n\tmargin-bottom: 0px !important;\r\n\tbackground-color: #dff2fe;\r\n\t\r\n\t\tborder: 2px solid #cfebfe;\r\n\t\t\r\n\t\tborder-radius: 4px;\r\n\t\t}\r\n\r\n#colorbox_main_container_4764 .wpsm_panel-default > .wpsm_panel-heading {\r\n\tbackground-color: #cfebfe !important;\r\n\tborder-color: rgba(0,0,0,0.05);\r\n\tborder-top-left-radius: 0px;\r\n\tborder-top-right-radius: 0px;\r\n\ttext-align:left;\r\n}\r\n\r\n#colorbox_main_container_4764 .colorbox_singel_box{\r\n  margin-bottom:20px !important;\r\n\t  padding-top: 5px;\r\n}\r\n#colorbox_main_container_4764 .wpsm_panel-title{\r\n\tmargin-top: 0 !important;\r\n\tmargin-bottom: 0 !important;\r\n\tfont-size: 18px !important;\r\n\tcolor: #000000 !important;\r\n\tfont-family: Open Sans !important;\r\n\tword-wrap:break-word;\r\n\r\n}\r\n#colorbox_main_container_4764 .wpsm_panel-title span{\r\n\tfont-size: 18px !important;\r\n\tcolor: #000000 !important;\r\n\t vertical-align: middle;\r\n}\r\n#colorbox_main_container_4764 .wpsm_panel-body{\r\n\tcolor: #494949 !important;\r\n\tbackground-color:#dff2fe !important;\r\n\tfont-size:16px !important;\r\n\tfont-family: Open Sans !important;\r\n\toverflow:hidden;\r\n\ttext-align:left}\r\n\r\n \t\t\r\n\t\t\t\r\n\r\n@media (max-width: 992px){\r\n\t.colorbox_singel_box{ \r\n\t\twidth:50% !important;\r\n\t}\r\n}\r\n@media (max-width: 786px){\r\n\t.colorbox_singel_box{ \r\n\t\twidth:100% !important;\r\n\t}\r\n}p {\r\n  font-family: Sen, sans-serif !important;\r\n  margin: 3px 0;\r\n}\t\t\t\t<\/style>\r\n\t\t\t\t<div style=\"display:block;overflow:hidden;width:100%;\">\r\n\t\t\t\t<div id=\"colorbox_main_container_4764\" style=\"colorbox_main_container\">\r\n\t\t\t\t\t\t\t\t\t\t<div class=\" wpsm_col-md-12 wpsm_col-sm-6 colorbox_singel_box\">\r\n\t\t\t\t\t\t<div class=\"wpsm_panel wpsm_panel-default wpsm_panel_default_4764 \">\r\n\t\t\t\t\t\t  \t\t\t\t\t\t\t\t\t\t\t\t \r\n\t\t\t\t\t\t <div class=\"wpsm_panel-body\">\r\n\t\t\t\t\t\t\t<p>Aclaramos que ning\u00fan espect\u00e1culo es de miedo, y que la interacci\u00f3n consiste simplemente en hacer preguntas a los personajes de vez en cuando, o votar a mano alzada alguna decisi\u00f3n importante.<\/p>\r\n<p>As\u00ed que ven tranquilo a cualquiera de ellos, nuestra prioridad es que est\u00e9s c\u00f3modo.<\/p>\t\t\t\t\t\t  <\/div>\r\n\t\t\t\t\t\t   \r\n\t\t\t\t\t\t<\/div>\r\n\t\t\t\t\t<\/div>\r\n\t\t\t\t\t\t\t\t\t\t\r\n\t\t\t\t\t<\/div>\r\n\t\t\t\t<\/div>\r\n\t\t\t\t\t\t\t\t<script>\r\n\t\t\t\t\tjQuery(window).load(function(){\r\n\t\t\t\t\t\tjQuery('#colorbox_main_container_4764').masonry({\r\n\t\t\t\t\t\t\t   itemSelector: '.colorbox_singel_box',\r\n\t\t\t\t\t\t});\r\n\t\t\t\t\t});\r\n\t\t\t\t<\/script>\r\n\t\t\t\t\t\t\t\t\t\t\t\n\n\n\n<div class=\"wp-block-media-text is-stacked-on-mobile is-image-fill-element\" style=\"grid-template-columns:30% auto\"><figure class=\"wp-block-media-text__media\"><a href=\"https:\/\/lacajalistateatro.com\/nueva\/espectaculos\/cluedo-1920\/\"><img loading=\"lazy\" decoding=\"async\" width=\"1024\" height=\"819\" src=\"https:\/\/lacajalistateatro.com\/nueva\/wp-content\/uploads\/2024\/02\/cartel_cluedo1920-1024x819.jpg\" alt=\"\" class=\"wp-image-4896 size-full\" style=\"object-position:44% 87%\" srcset=\"https:\/\/lacajalistateatro.com\/nueva\/wp-content\/uploads\/2024\/02\/cartel_cluedo1920-1024x819.jpg 1024w, https:\/\/lacajalistateatro.com\/nueva\/wp-content\/uploads\/2024\/02\/cartel_cluedo1920-300x240.jpg 300w, https:\/\/lacajalistateatro.com\/nueva\/wp-content\/uploads\/2024\/02\/cartel_cluedo1920-768x614.jpg 768w, https:\/\/lacajalistateatro.com\/nueva\/wp-content\/uploads\/2024\/02\/cartel_cluedo1920-600x480.jpg 600w, https:\/\/lacajalistateatro.com\/nueva\/wp-content\/uploads\/2024\/02\/cartel_cluedo1920.jpg 1500w\" sizes=\"auto, (max-width: 1024px) 100vw, 1024px\" \/><\/a><\/figure><div class=\"wp-block-media-text__content\">\n<p>CLUEDO 1920<\/p>\n\n\n\n<p>LOS CAD\u00c1VERES NO HABLAN<\/p>\n<\/div><\/div>\n\n\n\n<div class=\"wp-block-media-text has-media-on-the-right is-stacked-on-mobile is-image-fill-element has-input-field-background-color has-background\" style=\"grid-template-columns:auto 30%\"><div class=\"wp-block-media-text__content\">\n<p class=\"has-text-align-right\">CLUEDO<\/p>\n\n\n\n<p class=\"has-text-align-right\">P\u00d3CIMAS Y HECHIZOS<\/p>\n<\/div><figure class=\"wp-block-media-text__media\"><a href=\"https:\/\/lacajalistateatro.com\/nueva\/espectaculos\/cluedo-pocimas-y-hechizos\/\"><img loading=\"lazy\" decoding=\"async\" width=\"1024\" height=\"819\" src=\"https:\/\/lacajalistateatro.com\/nueva\/wp-content\/uploads\/2024\/02\/cartel_junior-1024x819.jpg\" alt=\"\" class=\"wp-image-4895 size-full\" style=\"object-position:51% 13%\" srcset=\"https:\/\/lacajalistateatro.com\/nueva\/wp-content\/uploads\/2024\/02\/cartel_junior-1024x819.jpg 1024w, https:\/\/lacajalistateatro.com\/nueva\/wp-content\/uploads\/2024\/02\/cartel_junior-300x240.jpg 300w, https:\/\/lacajalistateatro.com\/nueva\/wp-content\/uploads\/2024\/02\/cartel_junior-768x614.jpg 768w, https:\/\/lacajalistateatro.com\/nueva\/wp-content\/uploads\/2024\/02\/cartel_junior-600x480.jpg 600w, https:\/\/lacajalistateatro.com\/nueva\/wp-content\/uploads\/2024\/02\/cartel_junior.jpg 1500w\" sizes=\"auto, (max-width: 1024px) 100vw, 1024px\" \/><\/a><\/figure><\/div>\n\n\n\n<div class=\"wp-block-media-text is-stacked-on-mobile is-image-fill-element\" style=\"grid-template-columns:30% auto\"><figure class=\"wp-block-media-text__media\"><a href=\"https:\/\/lacajalistateatro.com\/nueva\/espectaculos\/protocolo-de-eliminacion\/\"><img loading=\"lazy\" decoding=\"async\" width=\"500\" height=\"400\" src=\"https:\/\/lacajalistateatro.com\/nueva\/wp-content\/uploads\/2024\/02\/cartel_protocolo.jpg\" alt=\"\" class=\"wp-image-4894 size-full\" style=\"object-position:52% 23%\" srcset=\"https:\/\/lacajalistateatro.com\/nueva\/wp-content\/uploads\/2024\/02\/cartel_protocolo.jpg 500w, https:\/\/lacajalistateatro.com\/nueva\/wp-content\/uploads\/2024\/02\/cartel_protocolo-300x240.jpg 300w\" sizes=\"auto, (max-width: 500px) 100vw, 500px\" \/><\/a><\/figure><div class=\"wp-block-media-text__content\">\n<p>PROTOCOLO DE ELIMINACI\u00d3N<\/p>\n\n\n\n<p><\/p>\n<\/div><\/div>\n\n\n\n<div class=\"wp-block-media-text has-media-on-the-right is-stacked-on-mobile is-image-fill-element has-input-field-background-color has-background\" style=\"grid-template-columns:auto 30%\"><div class=\"wp-block-media-text__content\">\n<p class=\"has-text-align-right\">CLUEDO 1910<\/p>\n\n\n\n<p class=\"has-text-align-right\">ASESINATO EN LA MANSI\u00d3N NORTHAMPTON<\/p>\n<\/div><figure class=\"wp-block-media-text__media\"><a href=\"https:\/\/lacajalistateatro.com\/nueva\/espectaculos\/cluedo-1910\/\"><img loading=\"lazy\" decoding=\"async\" width=\"500\" height=\"400\" src=\"https:\/\/lacajalistateatro.com\/nueva\/wp-content\/uploads\/2024\/02\/cartel_cluedo1910.jpg\" alt=\"\" class=\"wp-image-4893 size-full\" style=\"object-position:54% 35%\" srcset=\"https:\/\/lacajalistateatro.com\/nueva\/wp-content\/uploads\/2024\/02\/cartel_cluedo1910.jpg 500w, https:\/\/lacajalistateatro.com\/nueva\/wp-content\/uploads\/2024\/02\/cartel_cluedo1910-300x240.jpg 300w\" sizes=\"auto, (max-width: 500px) 100vw, 500px\" \/><\/a><\/figure><\/div>\n\n\n\n<div class=\"wp-block-media-text is-stacked-on-mobile is-image-fill-element\" style=\"grid-template-columns:30% auto\"><figure class=\"wp-block-media-text__media\"><a href=\"https:\/\/lacajalistateatro.com\/nueva\/espectaculos\/cluedo-1942\/\"><img loading=\"lazy\" decoding=\"async\" width=\"500\" height=\"400\" src=\"https:\/\/lacajalistateatro.com\/nueva\/wp-content\/uploads\/2024\/02\/cartel_cluedo1942.jpg\" alt=\"\" class=\"wp-image-4892 size-full\" style=\"object-position:50% 50%\" srcset=\"https:\/\/lacajalistateatro.com\/nueva\/wp-content\/uploads\/2024\/02\/cartel_cluedo1942.jpg 500w, https:\/\/lacajalistateatro.com\/nueva\/wp-content\/uploads\/2024\/02\/cartel_cluedo1942-300x240.jpg 300w\" sizes=\"auto, (max-width: 500px) 100vw, 500px\" \/><\/a><\/figure><div class=\"wp-block-media-text__content\">\n<p>CLUEDO 1942<\/p>\n\n\n\n<p>ASESINATO EN EL BERL\u00cdN EXPRESS<\/p>\n<\/div><\/div>\n\n\n\n<div class=\"wp-block-media-text has-media-on-the-right is-stacked-on-mobile is-image-fill-element has-input-field-background-color has-background\" style=\"grid-template-columns:auto 29%\"><div class=\"wp-block-media-text__content\">\n<p class=\"has-text-align-right\">LA MEMORIA DEL PSIQUI\u00c1TRICO<\/p>\n\n\n\n<p class=\"has-text-align-right\"><\/p>\n<\/div><figure class=\"wp-block-media-text__media\"><a href=\"https:\/\/lacajalistateatro.com\/nueva\/espectaculos\/lamemoriadelpsiquiatrico\/\"><img loading=\"lazy\" decoding=\"async\" width=\"629\" height=\"886\" src=\"https:\/\/lacajalistateatro.com\/nueva\/wp-content\/uploads\/2025\/05\/Cartel-Psiquiatrico_baja.jpg\" alt=\"\" class=\"wp-image-5124 size-full\" style=\"object-position:50% 10%\" srcset=\"https:\/\/lacajalistateatro.com\/nueva\/wp-content\/uploads\/2025\/05\/Cartel-Psiquiatrico_baja.jpg 629w, https:\/\/lacajalistateatro.com\/nueva\/wp-content\/uploads\/2025\/05\/Cartel-Psiquiatrico_baja-213x300.jpg 213w\" sizes=\"auto, (max-width: 629px) 100vw, 629px\" \/><\/a><\/figure><\/div>\n\n\n\n<div class=\"wp-block-media-text is-stacked-on-mobile is-image-fill-element\" style=\"grid-template-columns:30% auto\"><figure class=\"wp-block-media-text__media\"><a href=\"https:\/\/www.dinaticket.com\/es\/provider\/16074\/event\/4918248\"><img loading=\"lazy\" decoding=\"async\" width=\"726\" height=\"1024\" src=\"https:\/\/lacajalistateatro.com\/nueva\/wp-content\/uploads\/2025\/05\/WhatsApp-Image-2025-05-15-at-19.44.53-726x1024.jpeg\" alt=\"\" class=\"wp-image-5141 size-full\" style=\"object-position:50% 50%\" srcset=\"https:\/\/lacajalistateatro.com\/nueva\/wp-content\/uploads\/2025\/05\/WhatsApp-Image-2025-05-15-at-19.44.53-726x1024.jpeg 726w, https:\/\/lacajalistateatro.com\/nueva\/wp-content\/uploads\/2025\/05\/WhatsApp-Image-2025-05-15-at-19.44.53-213x300.jpeg 213w, https:\/\/lacajalistateatro.com\/nueva\/wp-content\/uploads\/2025\/05\/WhatsApp-Image-2025-05-15-at-19.44.53-768x1083.jpeg 768w, https:\/\/lacajalistateatro.com\/nueva\/wp-content\/uploads\/2025\/05\/WhatsApp-Image-2025-05-15-at-19.44.53-1090x1536.jpeg 1090w, https:\/\/lacajalistateatro.com\/nueva\/wp-content\/uploads\/2025\/05\/WhatsApp-Image-2025-05-15-at-19.44.53.jpeg 1135w\" sizes=\"auto, (max-width: 726px) 100vw, 726px\" \/><\/a><\/figure><div class=\"wp-block-media-text__content\">\n<p>CLUEDO 1930<\/p>\n\n\n\n<p>APLAUSOS PARA UN CAD\u00c1VER<\/p>\n<\/div><\/div>\n","protected":false},"excerpt":{"rendered":"<p>A continuaci\u00f3n ver\u00e1s una lista de los espect\u00e1culos que ofrecemos en La Caja Lista. Pinchando sobre cualquiera de ellos acceder\u00e1s a la descripci\u00f3n del evento, sus caracter\u00edsticas, y un sistema de valoraci\u00f3n mediante estrellas que hemos a\u00f1adido para que pod\u00e1is elegir el espect\u00e1culo que m\u00e1s se adapte a vuestros gustos. \u00bfPrefer\u00eds una historia con buena [&hellip;]<\/p>\n","protected":false},"author":1,"featured_media":5124,"parent":0,"menu_order":0,"comment_status":"closed","ping_status":"closed","template":"","meta":{"footnotes":""},"class_list":["post-4885","page","type-page","status-publish","has-post-thumbnail","hentry"],"_links":{"self":[{"href":"https:\/\/lacajalistateatro.com\/nueva\/wp-json\/wp\/v2\/pages\/4885","targetHints":{"allow":["GET"]}}],"collection":[{"href":"https:\/\/lacajalistateatro.com\/nueva\/wp-json\/wp\/v2\/pages"}],"about":[{"href":"https:\/\/lacajalistateatro.com\/nueva\/wp-json\/wp\/v2\/types\/page"}],"author":[{"embeddable":true,"href":"https:\/\/lacajalistateatro.com\/nueva\/wp-json\/wp\/v2\/users\/1"}],"replies":[{"embeddable":true,"href":"https:\/\/lacajalistateatro.com\/nueva\/wp-json\/wp\/v2\/comments?post=4885"}],"version-history":[{"count":11,"href":"https:\/\/lacajalistateatro.com\/nueva\/wp-json\/wp\/v2\/pages\/4885\/revisions"}],"predecessor-version":[{"id":5142,"href":"https:\/\/lacajalistateatro.com\/nueva\/wp-json\/wp\/v2\/pages\/4885\/revisions\/5142"}],"wp:featuredmedia":[{"embeddable":true,"href":"https:\/\/lacajalistateatro.com\/nueva\/wp-json\/wp\/v2\/media\/5124"}],"wp:attachment":[{"href":"https:\/\/lacajalistateatro.com\/nueva\/wp-json\/wp\/v2\/media?parent=4885"}],"curies":[{"name":"wp","href":"https:\/\/api.w.org\/{rel}","templated":true}]}}